{"id":12359,"date":"2025-03-13T02:52:39","date_gmt":"2025-03-13T06:52:39","guid":{"rendered":"https:\/\/avixo.ca\/qti\/?page_id=12359"},"modified":"2025-04-16T12:32:41","modified_gmt":"2025-04-16T16:32:41","slug":"nosotros","status":"publish","type":"page","link":"https:\/\/quimicotecnica.com\/en\/nosotros\/","title":{"rendered":"About Us"},"content":{"rendered":"<div data-elementor-type=\"wp-page\" data-elementor-id=\"12359\" class=\"elementor elementor-12359\">\n\t\t\t\t        <section class=\"elementor-section elementor-top-section elementor-element elementor-element-0025405 elementor-section-height-full elementor-section-boxed elementor-section-height-default elementor-section-items-middle pxl-type-header-none pxl-row-scroll-none\" data-id=\"0025405\" data-element_type=\"section\">\n\n                            <div class=\"elementor-background-overlay\"><\/div>\n            \n                <div class=\"elementor-container elementor-column-gap-default\">\n                <div class=\"elementor-column elementor-col-50 elementor-top-column elementor-element elementor-element-40e2a21 pxl-column-element-default pxl-column-none\" data-id=\"40e2a21\" data-element_type=\"column\">\r\n        <div class=\"elementor-widget-wrap elementor-element-populated\">\r\n                     \r\n        \t\t<div class=\"elementor-element elementor-element-8c97797 elementor-hidden-desktop elementor-hidden-laptop elementor-hidden-tablet_extra elementor-widget elementor-widget-pxl_image\" data-id=\"8c97797\" data-element_type=\"widget\" data-widget_type=\"pxl_image.default\">\n\t\t\t\t<div class=\"elementor-widget-container\">\n\t\t\t\t\t<div class=\"pxl-image-single  wow skewIn\" data-wow-delay=\"ms\">\r\n                                        <div class=\"pxl-item--inner\">\r\n                                            <img fetchpriority=\"high\" decoding=\"async\" width=\"1425\" height=\"500\" src=\"\/wp-content\/uploads\/2025\/03\/LABORATORIO6.jpg\" class=\"no-lazyload attachment-full\" alt=\"\" \/>                                    <\/div>\r\n                        <\/div>\t\t\t\t<\/div>\n\t\t\t\t<\/div>\n\t\t\t\t<div class=\"elementor-element elementor-element-d833833 elementor-widget-laptop__width-initial elementor-widget-tablet_extra__width-initial elementor-widget elementor-widget-pxl_heading\" data-id=\"d833833\" data-element_type=\"widget\" data-widget_type=\"pxl_heading.default\">\n\t\t\t\t<div class=\"elementor-widget-container\">\n\t\t\t\t\t<div class=\"pxl-heading\">\n\t<div class=\"pxl-heading--inner\">\n\t\t\t\t<h3 class=\"pxl-item--title wow skewIn\" data-wow-delay=\"ms\">\n\t\t\tQu\u00edmico T\u00e9cnica Industrial\t\t\n\t\t<\/h3>\n\t\t\t<\/div>\n<\/div>\t\t\t\t<\/div>\n\t\t\t\t<\/div>\n\t\t\t\t<div class=\"elementor-element elementor-element-69d83c9 elementor-widget elementor-widget-pxl_text_editor\" data-id=\"69d83c9\" data-element_type=\"widget\" data-widget_type=\"pxl_text_editor.default\">\n\t\t\t\t<div class=\"elementor-widget-container\">\n\t\t\t\t\t<div class=\"pxl-text-editor wow skewIn\">\n\t<div class=\"pxl-item--inner\" data-wow-delay=\"ms\">\n\t\t<p><strong>More than 40 years of experience in the Dominican market<\/strong><\/p><header class=\"bt_bb_headline bt_bb_dash_none bt_bb_superheadline bt_bb_subheadline bt_bb_size_normal bt_bb_align_inherit\" data-bt-override-class=\"{}\"><div class=\"bt_bb_headline_subheadline\">We are certified as an extraordinary team of professionals characterized by providing excellent service, meeting the highest quality standards.<\/div><\/header>\t<\/div>\n<\/div>\t\t\t\t<\/div>\n\t\t\t\t<\/div>\n\t\t\t\t<div class=\"elementor-element elementor-element-ece09c3 elementor-widget__width-auto elementor-widget elementor-widget-pxl_button\" data-id=\"ece09c3\" data-element_type=\"widget\" data-widget_type=\"pxl_button.default\">\n\t\t\t\t<div class=\"elementor-widget-container\">\n\t\t\t\t\t<div class=\"pxl-button\">\r\n    <a class=\"btn  btn-gradient wow skewIn pxl-icon--right\" href=\"https:\/\/quimicotecnica.com\/en\/servicios\/\" data-wow-delay=\"ms\">\r\n        <i aria-hidden=\"true\" class=\"far fa-user\"><\/i>        <span class=\"pxl--btn-text\" data-text=\"Servicios\">\r\n            Services        <\/span>\r\n    <\/a>\r\n<\/div>\t\t\t\t<\/div>\n\t\t\t\t<\/div>\n\t\t            <\/div>\r\n        <\/div>\r\n                <div class=\"elementor-column elementor-col-50 elementor-top-column elementor-element elementor-element-a17332a pxl-column-element-default pxl-column-none\" data-id=\"a17332a\" data-element_type=\"column\">\r\n        <div class=\"elementor-widget-wrap elementor-element-populated\">\r\n                     \r\n        \t\t<div class=\"elementor-element elementor-element-cdd6df9 elementor-hidden-tablet elementor-hidden-mobile_extra elementor-hidden-mobile elementor-widget elementor-widget-pxl_image\" data-id=\"cdd6df9\" data-element_type=\"widget\" data-widget_type=\"pxl_image.default\">\n\t\t\t\t<div class=\"elementor-widget-container\">\n\t\t\t\t\t<div class=\"pxl-image-single  wow skewIn\" data-wow-delay=\"ms\">\r\n                                        <div class=\"pxl-item--inner\">\r\n                                            <img fetchpriority=\"high\" decoding=\"async\" width=\"1425\" height=\"500\" src=\"\/wp-content\/uploads\/2025\/03\/LABORATORIO6.jpg\" class=\"no-lazyload attachment-full\" alt=\"\" \/>                                    <\/div>\r\n                        <\/div>\t\t\t\t<\/div>\n\t\t\t\t<\/div>\n\t\t            <\/div>\r\n        <\/div>\r\n        \t\t\t<\/div>\n\t\t<\/section>\n\t\t\t\t<\/div>","protected":false},"excerpt":{"rendered":"<p>Qu\u00edmico T\u00e9cnica Industrial M\u00e1s de 40 a\u00f1os de experiencia en el mercado dominicano Nos certifican como un equipo extraordinario de profesionales caracterizados por brindar un excelente servicio, cumpliendo con los m\u00e1s altos est\u00e1dares de calidad. Servicios<\/p>","protected":false},"author":1,"featured_media":0,"parent":0,"menu_order":0,"comment_status":"closed","ping_status":"closed","template":"","meta":{"footnotes":""},"class_list":["post-12359","page","type-page","status-publish","hentry"],"_links":{"self":[{"href":"https:\/\/quimicotecnica.com\/en\/wp-json\/wp\/v2\/pages\/12359","targetHints":{"allow":["GET"]}}],"collection":[{"href":"https:\/\/quimicotecnica.com\/en\/wp-json\/wp\/v2\/pages"}],"about":[{"href":"https:\/\/quimicotecnica.com\/en\/wp-json\/wp\/v2\/types\/page"}],"author":[{"embeddable":true,"href":"https:\/\/quimicotecnica.com\/en\/wp-json\/wp\/v2\/users\/1"}],"replies":[{"embeddable":true,"href":"https:\/\/quimicotecnica.com\/en\/wp-json\/wp\/v2\/comments?post=12359"}],"version-history":[{"count":67,"href":"https:\/\/quimicotecnica.com\/en\/wp-json\/wp\/v2\/pages\/12359\/revisions"}],"predecessor-version":[{"id":13315,"href":"https:\/\/quimicotecnica.com\/en\/wp-json\/wp\/v2\/pages\/12359\/revisions\/13315"}],"wp:attachment":[{"href":"https:\/\/quimicotecnica.com\/en\/wp-json\/wp\/v2\/media?parent=12359"}],"curies":[{"name":"wp","href":"https:\/\/api.w.org\/{rel}","templated":true}]}}