{"id":18,"date":"2023-08-23T04:13:20","date_gmt":"2023-08-23T04:13:20","guid":{"rendered":"https:\/\/demo.bravisthemes.com\/patholab\/?page_id=18"},"modified":"2025-03-13T18:22:11","modified_gmt":"2025-03-13T22:22:11","slug":"contact","status":"publish","type":"page","link":"https:\/\/quimicotecnica.com\/en\/contact\/","title":{"rendered":"Contact"},"content":{"rendered":"<div data-elementor-type=\"wp-page\" data-elementor-id=\"18\" class=\"elementor elementor-18\">\n\t\t\t\t        <section class=\"elementor-section elementor-top-section elementor-element elementor-element-dd26d98 elementor-section-boxed elementor-section-height-default elementor-section-height-default pxl-type-header-none pxl-row-scroll-none\" data-id=\"dd26d98\" data-element_type=\"section\" data-settings=\"{&quot;background_background&quot;:&quot;classic&quot;}\">\n\n                \n                <div class=\"elementor-container elementor-column-gap-extended\">\n                <div class=\"elementor-column elementor-col-100 elementor-top-column elementor-element elementor-element-e956223 pxl-column-element-default pxl-column-none\" data-id=\"e956223\" data-element_type=\"column\">\r\n        <div class=\"elementor-widget-wrap\">\r\n                     \r\n                    <\/div>\r\n        <\/div>\r\n        \t\t\t<\/div>\n\t\t<\/section>\n\t\t        <section class=\"elementor-section elementor-top-section elementor-element elementor-element-95e10ca elementor-section-full_width elementor-section-stretched elementor-section-height-default elementor-section-height-default pxl-type-header-none pxl-section-offset-none pxl-row-scroll-none\" data-id=\"95e10ca\" data-element_type=\"section\" data-settings=\"{&quot;stretch_section&quot;:&quot;section-stretched&quot;}\">\n\n                \n                <div class=\"elementor-container elementor-column-gap-no\">\n                <div class=\"elementor-column elementor-col-100 elementor-top-column elementor-element elementor-element-8fd34d7 pxl-column-element-default pxl-column-none\" data-id=\"8fd34d7\" data-element_type=\"column\">\r\n        <div class=\"elementor-widget-wrap elementor-element-populated\">\r\n                     \r\n        \t\t<div class=\"elementor-element elementor-element-5fba724 elementor-widget elementor-widget-pxl_contact_info\" data-id=\"5fba724\" data-element_type=\"widget\" data-widget_type=\"pxl_contact_info.default\">\n\t\t\t\t<div class=\"elementor-widget-container\">\n\t\t\t\t\t<div class=\"pxl-contact-info wow skewIn\" data-wow-delay=\"200ms\">\r\n            <h3 class=\"pxl-title pxl-title-box el-empty\">\r\n            <span>Santo Domingo, D.N.<\/span>\r\n        <\/h3>  \r\n        <div class=\"inner-box\">\r\n        <div class=\"pxl-box-adress\">\r\n                            <div class=\"pxl-title pxl-adress-title\">\r\n                    Nuestra Direcci\u00f3n                <\/div>\r\n                                        <div class=\"pxl-adress-content\">\r\n                    <i class=\"caseicon caseicon-map\"><\/i>\r\n                                            Calle Rep\u00fablica del Ecuador Edif. 7, Primer Nivel, Honduras, Rep\u00fablica Dominicana                                    <\/div>\r\n                    <\/div>\r\n                    <div class=\"pxl-box-row\">\r\n                <div class=\"pxl-title pxl-row-title\">\r\n                    Contact                <\/div>\r\n                <ul class=\"pxl-list-row\">\r\n                                                <li>\r\n                                <a href=\"mailto:info@quimicotecnica.com\">\r\n                                    <i aria-hidden=\"true\" class=\"fal fa-envelope\"><\/i>                                    <span>Info@quimicotecnica.com<\/span>\r\n                                <\/a>\r\n                            <\/li>\r\n                                                <li>\r\n                                <a href=\"tel:+18095357514\">\r\n                                    <i aria-hidden=\"true\" class=\"icomoon icomoon-patholab-phone3\"><\/i>                                    <span>+1809-535-7514<\/span>\r\n                                <\/a>\r\n                            <\/li>\r\n                                    <\/ul>\r\n            <\/div>\r\n                            <div class=\"pxl-box-time\">\r\n                <div class=\"pxl-icon-time\">\r\n                    <i class=\"caseicon caseicon-time\"><\/i>\r\n                <\/div>\r\n                <div class=\"pxl-time-body\">\r\n                                            <div class=\"pxl-title pxl-time-title\">\r\n                            Horario                        <\/div>\r\n                                                                <div class=\"pxl-time-content\">\r\n                            Lunes a Viernes de 8:00AM \u2013 5:00PM                        <\/div>\r\n                                    <\/div>\r\n            <\/div>\r\n            <\/div>\r\n<\/div>\r\n\t\t\t\t<\/div>\n\t\t\t\t<\/div>\n\t\t        <section class=\"elementor-section elementor-inner-section elementor-element elementor-element-1fd3100 elementor-section-boxed elementor-section-height-default elementor-section-height-default pxl-type-header-none pxl-row-scroll-none\" data-id=\"1fd3100\" data-element_type=\"section\">\n\n                \n                <div class=\"elementor-container elementor-column-gap-extended\">\n                <div class=\"elementor-column elementor-col-33 elementor-inner-column elementor-element elementor-element-10e0977 pxl-column-element-default pxl-column-none\" data-id=\"10e0977\" data-element_type=\"column\">\r\n        <div class=\"elementor-widget-wrap\">\r\n                     \r\n                    <\/div>\r\n        <\/div>\r\n                <div class=\"elementor-column elementor-col-33 elementor-inner-column elementor-element elementor-element-d42f866 pxl-column-element-default pxl-column-none\" data-id=\"d42f866\" data-element_type=\"column\">\r\n        <div class=\"elementor-widget-wrap\">\r\n                     \r\n                    <\/div>\r\n        <\/div>\r\n                <div class=\"elementor-column elementor-col-33 elementor-inner-column elementor-element elementor-element-f93ff2c pxl-column-element-default pxl-column-none\" data-id=\"f93ff2c\" data-element_type=\"column\">\r\n        <div class=\"elementor-widget-wrap\">\r\n                     \r\n                    <\/div>\r\n        <\/div>\r\n        \t\t\t<\/div>\n\t\t<\/section>\n\t\t\t\t<div class=\"elementor-element elementor-element-c424f74 elementor-widget elementor-widget-google_maps\" data-id=\"c424f74\" data-element_type=\"widget\" data-widget_type=\"google_maps.default\">\n\t\t\t\t<div class=\"elementor-widget-container\">\n\t\t\t\t\t\t\t<div class=\"elementor-custom-embed\">\n\t\t\t<iframe loading=\"lazy\"\n\t\t\t\t\tsrc=\"https:\/\/maps.google.com\/maps?q=Quimico%20Tecnica%20Industrial&#038;t=m&#038;z=18&#038;output=embed&#038;iwloc=near\"\n\t\t\t\t\ttitle=\"Quimico Tecnica Industrial\"\n\t\t\t\t\taria-label=\"Quimico Tecnica Industrial\"\n\t\t\t><\/iframe>\n\t\t<\/div>\n\t\t\t\t\t\t<\/div>\n\t\t\t\t<\/div>\n\t\t            <\/div>\r\n        <\/div>\r\n        \t\t\t<\/div>\n\t\t<\/section>\n\t\t\t\t<\/div>","protected":false},"excerpt":{"rendered":"<p>Santo Domingo, D.N. Nuestra Direcci\u00f3n Calle Rep\u00fablica del Ecuador Edif. 7, Primer Nivel, Honduras, Rep\u00fablica Dominicana Contacto Info@quimicotecnica.com +1809-535-7514 Horario Lunes a Viernes de 8:00AM \u2013 5:00PM<\/p>","protected":false},"author":1,"featured_media":0,"parent":0,"menu_order":0,"comment_status":"closed","ping_status":"closed","template":"","meta":{"footnotes":""},"class_list":["post-18","page","type-page","status-publish","hentry"],"_links":{"self":[{"href":"https:\/\/quimicotecnica.com\/en\/wp-json\/wp\/v2\/pages\/18","targetHints":{"allow":["GET"]}}],"collection":[{"href":"https:\/\/quimicotecnica.com\/en\/wp-json\/wp\/v2\/pages"}],"about":[{"href":"https:\/\/quimicotecnica.com\/en\/wp-json\/wp\/v2\/types\/page"}],"author":[{"embeddable":true,"href":"https:\/\/quimicotecnica.com\/en\/wp-json\/wp\/v2\/users\/1"}],"replies":[{"embeddable":true,"href":"https:\/\/quimicotecnica.com\/en\/wp-json\/wp\/v2\/comments?post=18"}],"version-history":[{"count":27,"href":"https:\/\/quimicotecnica.com\/en\/wp-json\/wp\/v2\/pages\/18\/revisions"}],"predecessor-version":[{"id":12465,"href":"https:\/\/quimicotecnica.com\/en\/wp-json\/wp\/v2\/pages\/18\/revisions\/12465"}],"wp:attachment":[{"href":"https:\/\/quimicotecnica.com\/en\/wp-json\/wp\/v2\/media?parent=18"}],"curies":[{"name":"wp","href":"https:\/\/api.w.org\/{rel}","templated":true}]}}