{"id":19,"date":"2023-08-23T04:13:34","date_gmt":"2023-08-23T04:13:34","guid":{"rendered":"https:\/\/demo.bravisthemes.com\/patholab\/?page_id=19"},"modified":"2025-05-21T16:13:32","modified_gmt":"2025-05-21T20:13:32","slug":"servicios","status":"publish","type":"page","link":"https:\/\/quimicotecnica.com\/en\/servicios\/","title":{"rendered":"Services"},"content":{"rendered":"<div data-elementor-type=\"wp-page\" data-elementor-id=\"19\" class=\"elementor elementor-19\">\n\t\t\t\t        <section class=\"elementor-section elementor-top-section elementor-element elementor-element-fa26004 elementor-section-full_width elementor-section-height-default elementor-section-height-default pxl-type-header-none pxl-section-offset-none pxl-row-scroll-none\" data-id=\"fa26004\" data-element_type=\"section\" data-settings=\"{&quot;background_background&quot;:&quot;classic&quot;}\">\n\n                \n                <div class=\"elementor-container elementor-column-gap-no\">\n                <div class=\"elementor-column elementor-col-100 elementor-top-column elementor-element elementor-element-be0abdf pxl-column-element-default pxl-column-none\" data-id=\"be0abdf\" data-element_type=\"column\">\r\n        <div class=\"elementor-widget-wrap elementor-element-populated\">\r\n                     \r\n        \t\t<div class=\"elementor-element elementor-element-c86cf3f elementor-widget__width-auto elementor-absolute e-transform elementor-widget elementor-widget-pxl_image\" data-id=\"c86cf3f\" data-element_type=\"widget\" data-settings=\"{&quot;_position&quot;:&quot;absolute&quot;,&quot;_transform_translateX_effect&quot;:{&quot;unit&quot;:&quot;%&quot;,&quot;size&quot;:-50,&quot;sizes&quot;:[]},&quot;_transform_translateX_effect_tablet&quot;:{&quot;unit&quot;:&quot;%&quot;,&quot;size&quot;:&quot;&quot;,&quot;sizes&quot;:[]},&quot;_transform_translateX_effect_mobile&quot;:{&quot;unit&quot;:&quot;%&quot;,&quot;size&quot;:&quot;&quot;,&quot;sizes&quot;:[]},&quot;_transform_translateX_effect_laptop&quot;:{&quot;unit&quot;:&quot;px&quot;,&quot;size&quot;:&quot;&quot;,&quot;sizes&quot;:[]},&quot;_transform_translateX_effect_tablet_extra&quot;:{&quot;unit&quot;:&quot;px&quot;,&quot;size&quot;:&quot;&quot;,&quot;sizes&quot;:[]},&quot;_transform_translateX_effect_mobile_extra&quot;:{&quot;unit&quot;:&quot;px&quot;,&quot;size&quot;:&quot;&quot;,&quot;sizes&quot;:[]},&quot;_transform_translateY_effect&quot;:{&quot;unit&quot;:&quot;px&quot;,&quot;size&quot;:&quot;&quot;,&quot;sizes&quot;:[]},&quot;_transform_translateY_effect_laptop&quot;:{&quot;unit&quot;:&quot;px&quot;,&quot;size&quot;:&quot;&quot;,&quot;sizes&quot;:[]},&quot;_transform_translateY_effect_tablet_extra&quot;:{&quot;unit&quot;:&quot;px&quot;,&quot;size&quot;:&quot;&quot;,&quot;sizes&quot;:[]},&quot;_transform_translateY_effect_tablet&quot;:{&quot;unit&quot;:&quot;px&quot;,&quot;size&quot;:&quot;&quot;,&quot;sizes&quot;:[]},&quot;_transform_translateY_effect_mobile_extra&quot;:{&quot;unit&quot;:&quot;px&quot;,&quot;size&quot;:&quot;&quot;,&quot;sizes&quot;:[]},&quot;_transform_translateY_effect_mobile&quot;:{&quot;unit&quot;:&quot;px&quot;,&quot;size&quot;:&quot;&quot;,&quot;sizes&quot;:[]}}\" data-widget_type=\"pxl_image.default\">\n\t\t\t\t<div class=\"elementor-widget-container\">\n\t\t\t\t\t<div class=\"pxl-image-single\" data-wow-delay=\"ms\">\r\n                        <div class=\"ct-image-bg bg-image\" style=\"background-image: url(https:\/\/quimicotecnica.com\/wp-content\/uploads\/2025\/03\/isoa-e1741153110245.png);\"><\/div>\r\n            <\/div>\t\t\t\t<\/div>\n\t\t\t\t<\/div>\n\t\t\t\t<div class=\"elementor-element elementor-element-18c6341 elementor-widget elementor-widget-pxl_heading\" data-id=\"18c6341\" data-element_type=\"widget\" data-widget_type=\"pxl_heading.default\">\n\t\t\t\t<div class=\"elementor-widget-container\">\n\t\t\t\t\t<div class=\"pxl-heading\">\n\t<div class=\"pxl-heading--inner\">\n\t\t\t\t<h3 class=\"pxl-item--title\" data-wow-delay=\"ms\">\n\t\t\t\t\t\t\t\t<span class=\"pxl-item--text\">\n\t\t\t            <span class=\"pxl-text--slide\"><span class=\"wow letter\">Services<\/span><\/span> <span class=\"pxl-text--slide\"><span class=\"wow letter\">que<\/span><\/span> <span class=\"pxl-text--slide\"><span class=\"wow letter\">Ofrecemos<\/span><\/span>\t\t\t        <\/span>\n\t\t\t\t\t\t\n\t\t<\/h3>\n\t\t\t<\/div>\n<\/div>\t\t\t\t<\/div>\n\t\t\t\t<\/div>\n\t\t\t\t<div class=\"elementor-element elementor-element-4026ab7 elementor-widget elementor-widget-pxl_text_editor\" data-id=\"4026ab7\" data-element_type=\"widget\" data-widget_type=\"pxl_text_editor.default\">\n\t\t\t\t<div class=\"elementor-widget-container\">\n\t\t\t\t\t<div class=\"pxl-text-editor\">\n\t<div class=\"pxl-item--inner\" data-wow-delay=\"ms\">\n\t\t<p><span style=\"font-weight: 400\">Our mission is to be the leading company selling equipment, materials, and supplies for laboratories and industries in the Dominican Republic.<\/span><\/p>\t<\/div>\n<\/div>\t\t\t\t<\/div>\n\t\t\t\t<\/div>\n\t\t            <\/div>\r\n        <\/div>\r\n        \t\t\t<\/div>\n\t\t<\/section>\n\t\t        <section class=\"elementor-section elementor-top-section elementor-element elementor-element-3bd961c elementor-section-boxed elementor-section-height-default elementor-section-height-default pxl-type-header-none pxl-row-scroll-none\" data-id=\"3bd961c\" data-element_type=\"section\">\n\n                \n                <div class=\"elementor-container elementor-column-gap-extended\">\n                <div class=\"elementor-column elementor-col-100 elementor-top-column elementor-element elementor-element-2c3f9b7 pxl-column-element-default pxl-column-none\" data-id=\"2c3f9b7\" data-element_type=\"column\">\r\n        <div class=\"elementor-widget-wrap elementor-element-populated\">\r\n                     \r\n        \t\t<div class=\"elementor-element elementor-element-021581a pxl-post-layout-service-1 elementor-widget elementor-widget-pxl_post_grid\" data-id=\"021581a\" data-element_type=\"widget\" data-widget_type=\"pxl_post_grid.default\">\n\t\t\t\t<div class=\"elementor-widget-container\">\n\t\t\t\t\t\n<div id=\"pxl_post_grid-021581a-8348\" class=\"pxl-grid pxl-service-grid pxl-service-grid-layout1 item-normal\" data-layout=\"masonry\" data-start-page=\"1\" data-max-pages=\"1\" data-total=\"2\" data-perpage=\"2\" data-next-link=\"\">\n    \n    <div class=\"pxl-grid-inner pxl-grid-masonry row\" data-gutter=\"15\">\n        <div class=\"grid-sizer col-xl-6 col-lg-6 col-md-6 col-sm-6 col-12\"><\/div>\n                    <div class=\"pxl-grid-item col-xl-6 col-lg-6 col-md-6 col-sm-6 col-12\">\n                <div class=\"pxl-item--inner wow flipInY\" data-wow-duration=\"1.2s\">\n                                            <div class=\"item--featured\">\n                            <div class=\"bg-image\" style=\"background-image: url(\/wp-content\/uploads\/2023\/09\/servicios-600x500.jpg);\"><\/div>\n                            <a href=\"https:\/\/quimicotecnica.com\/en\/service\/hormonal-testing\/\">\n                                <img fetchpriority=\"high\" decoding=\"async\" class=\"no-lazyload\" src=\"\/wp-content\/uploads\/2023\/09\/servicios-600x500.jpg\" width=\"600\" height=\"500\" alt=\"servicios\" title=\"servicios\" \/>                            <\/a>\n                        <\/div>\n                                        <div class=\"item-body\">\n                        <div class=\"item-meta\">\n                                                                                    <h3 class=\"pxl-item--title\">\n                                <a href=\"https:\/\/quimicotecnica.com\/en\/service\/hormonal-testing\/\">Repair<\/a>\n                            <\/h3>\n                        <\/div>\n                                                    <div class=\"pxl-item--content\">\n                                We have highly trained technicians, educated in cutting-edge equipment repair technology.                            <\/div>\n                        \n                                            <\/div>\n                <\/div>\n            <\/div>\n                    <div class=\"pxl-grid-item col-xl-6 col-lg-6 col-md-6 col-sm-6 col-12\">\n                <div class=\"pxl-item--inner wow flipInY\" data-wow-duration=\"1.2s\">\n                                            <div class=\"item--featured\">\n                            <div class=\"bg-image\" style=\"background-image: url(\/wp-content\/uploads\/2025\/03\/LABORATORIO6-600x500.jpg);\"><\/div>\n                            <a href=\"https:\/\/quimicotecnica.com\/en\/service\/ventas\/\">\n                                <img decoding=\"async\" class=\"no-lazyload\" src=\"\/wp-content\/uploads\/2025\/03\/LABORATORIO6-600x500.jpg\" width=\"600\" height=\"500\" alt=\"LABORATORIO6\" title=\"LABORATORIO6\" \/>                            <\/a>\n                        <\/div>\n                                        <div class=\"item-body\">\n                        <div class=\"item-meta\">\n                                                                                    <h3 class=\"pxl-item--title\">\n                                <a href=\"https:\/\/quimicotecnica.com\/en\/service\/ventas\/\">Sales<\/a>\n                            <\/h3>\n                        <\/div>\n                                                    <div class=\"pxl-item--content\">\n                                We distribute certified brands for all quality control processes in laboratories and industries.                            <\/div>\n                        \n                                            <\/div>\n                <\/div>\n            <\/div>\n            <\/div>\n            <div class=\"pxl-grid-pagination\" data-loadmore=\"{&quot;post_type&quot;:&quot;service&quot;,&quot;layout&quot;:&quot;service-1&quot;,&quot;startPage&quot;:1,&quot;maxPages&quot;:1,&quot;total&quot;:2,&quot;perpage&quot;:2,&quot;nextLink&quot;:&quot;&quot;,&quot;source&quot;:&quot;&quot;,&quot;orderby&quot;:&quot;date&quot;,&quot;order&quot;:&quot;asc&quot;,&quot;limit&quot;:2,&quot;post_ids&quot;:[],&quot;col_xl&quot;:6,&quot;col_lg&quot;:6,&quot;col_md&quot;:6,&quot;col_sm&quot;:6,&quot;col_xs&quot;:12,&quot;pagination_type&quot;:&quot;pagination&quot;,&quot;show_excerpt&quot;:&quot;true&quot;,&quot;num_words&quot;:42,&quot;show_button&quot;:&quot;&quot;,&quot;button_text&quot;:&quot;&quot;,&quot;img_size&quot;:&quot;600x500&quot;,&quot;grid_masonry&quot;:&quot;&quot;,&quot;pxl_animate&quot;:&quot;wow flipInY&quot;,&quot;html_id&quot;:&quot;pxl_post_grid-021581a-8348&quot;,&quot;tax&quot;:[&quot;service-category&quot;]}\" data-query=\"{&quot;post_type&quot;:&quot;service&quot;,&quot;post_status&quot;:&quot;publish&quot;,&quot;posts_per_page&quot;:2,&quot;order&quot;:&quot;asc&quot;,&quot;orderby&quot;:&quot;date&quot;,&quot;tax_query&quot;:{&quot;relation&quot;:&quot;OR&quot;},&quot;post__not_in&quot;:[19]}\">\n                    <\/div>\n        <\/div>\t\t\t\t<\/div>\n\t\t\t\t<\/div>\n\t\t            <\/div>\r\n        <\/div>\r\n        \t\t\t<\/div>\n\t\t<\/section>\n\t\t\t\t<\/div>","protected":false},"excerpt":{"rendered":"<p>Servicios que Ofrecemos Nuestra misi\u00f3n es ser la principal empresa de venta de equipos, materiales y suministros para laboratorios e industrias en la Rep\u00fablica Dominicana. Reparaci\u00f3n Contamos con t\u00e9cnicos altamente capacitados, formados en tecnolog\u00eda de \u00faltima generaci\u00f3n para la reparaci\u00f3n de equipos. Ventas Distribuimos marcas certificadas para todos los procesos de control de calidad en [&hellip;]<\/p>","protected":false},"author":1,"featured_media":0,"parent":0,"menu_order":0,"comment_status":"closed","ping_status":"closed","template":"","meta":{"footnotes":""},"class_list":["post-19","page","type-page","status-publish","hentry"],"_links":{"self":[{"href":"https:\/\/quimicotecnica.com\/en\/wp-json\/wp\/v2\/pages\/19","targetHints":{"allow":["GET"]}}],"collection":[{"href":"https:\/\/quimicotecnica.com\/en\/wp-json\/wp\/v2\/pages"}],"about":[{"href":"https:\/\/quimicotecnica.com\/en\/wp-json\/wp\/v2\/types\/page"}],"author":[{"embeddable":true,"href":"https:\/\/quimicotecnica.com\/en\/wp-json\/wp\/v2\/users\/1"}],"replies":[{"embeddable":true,"href":"https:\/\/quimicotecnica.com\/en\/wp-json\/wp\/v2\/comments?post=19"}],"version-history":[{"count":27,"href":"https:\/\/quimicotecnica.com\/en\/wp-json\/wp\/v2\/pages\/19\/revisions"}],"predecessor-version":[{"id":13335,"href":"https:\/\/quimicotecnica.com\/en\/wp-json\/wp\/v2\/pages\/19\/revisions\/13335"}],"wp:attachment":[{"href":"https:\/\/quimicotecnica.com\/en\/wp-json\/wp\/v2\/media?parent=19"}],"curies":[{"name":"wp","href":"https:\/\/api.w.org\/{rel}","templated":true}]}}